{"id":1592,"date":"2020-05-19T13:02:46","date_gmt":"2020-05-19T13:02:46","guid":{"rendered":"https:\/\/brandafricaproject.com\/sadclabourlawguide\/sobre-a-sadc\/"},"modified":"2023-11-16T05:32:43","modified_gmt":"2023-11-16T05:32:43","slug":"sobre-a-sadc","status":"publish","type":"page","link":"https:\/\/thespsf.com\/sadclabourlawguide\/sobre-a-sadc\/?lang=pt-pt","title":{"rendered":"Sobre a SADC"},"content":{"rendered":"<p>A Comunidade de Desenvolvimento da \u00c1frica Austral (SADC) foi criada em 1980 e transformada em comunidade de desenvolvimento em 1992. Seu objetivo \u00e9 promover o crescimento econ\u00f4mico sustent\u00e1vel e equitativo e o desenvolvimento socioecon\u00f4mico atrav\u00e9s de sistemas produtivos eficientes, coopera\u00e7\u00e3o e integra\u00e7\u00e3o mais profundas, boa governan\u00e7a e paz e seguran\u00e7a duradouras entre quinze Estados Membros da \u00c1frica Austral.<\/p>\n","protected":false},"excerpt":{"rendered":"<p>A Comunidade de Desenvolvimento da \u00c1frica Austral (SADC) foi criada em 1980 e transformada em comunidade de desenvolvimento em 1992. Seu objetivo \u00e9 promover o crescimento econ\u00f4mico sustent\u00e1vel e equitativo e o desenvolvimento socioecon\u00f4mico atrav\u00e9s de sistemas produtivos eficientes, coopera\u00e7\u00e3o e integra\u00e7\u00e3o mais profundas, boa governan\u00e7a e paz e seguran\u00e7a duradouras entre quinze Estados Membros &hellip; <a href=\"https:\/\/thespsf.com\/sadclabourlawguide\/sobre-a-sadc\/?lang=pt-pt\" class=\"more-link\">Continue reading<span class=\"screen-reader-text\"> &#8220;Sobre a SADC&#8221;<\/span><\/a><\/p>\n","protected":false},"author":1,"featured_media":0,"parent":0,"menu_order":25,"comment_status":"closed","ping_status":"closed","template":"template-pages\/about-sadc.php","meta":{"inline_featured_image":false,"footnotes":""},"_links":{"self":[{"href":"https:\/\/thespsf.com\/sadclabourlawguide\/wp-json\/wp\/v2\/pages\/1592"}],"collection":[{"href":"https:\/\/thespsf.com\/sadclabourlawguide\/wp-json\/wp\/v2\/pages"}],"about":[{"href":"https:\/\/thespsf.com\/sadclabourlawguide\/wp-json\/wp\/v2\/types\/page"}],"author":[{"embeddable":true,"href":"https:\/\/thespsf.com\/sadclabourlawguide\/wp-json\/wp\/v2\/users\/1"}],"replies":[{"embeddable":true,"href":"https:\/\/thespsf.com\/sadclabourlawguide\/wp-json\/wp\/v2\/comments?post=1592"}],"version-history":[{"count":23,"href":"https:\/\/thespsf.com\/sadclabourlawguide\/wp-json\/wp\/v2\/pages\/1592\/revisions"}],"predecessor-version":[{"id":2944,"href":"https:\/\/thespsf.com\/sadclabourlawguide\/wp-json\/wp\/v2\/pages\/1592\/revisions\/2944"}],"wp:attachment":[{"href":"https:\/\/thespsf.com\/sadclabourlawguide\/wp-json\/wp\/v2\/media?parent=1592"}],"curies":[{"name":"wp","href":"https:\/\/api.w.org\/{rel}","templated":true}]}}